{"id":25655,"date":"2021-05-26T13:32:39","date_gmt":"2021-05-26T17:32:39","guid":{"rendered":"https:\/\/h4g2j61lkm.onrocket.site\/?page_id=25655"},"modified":"2025-10-30T09:44:10","modified_gmt":"2025-10-30T13:44:10","slug":"annulation","status":"publish","type":"page","link":"https:\/\/www.aceproject.com\/fr\/annulation\/","title":{"rendered":"Annulation"},"content":{"rendered":"<p><div class=\"fusion-fullwidth fullwidth-box fusion-builder-row-1 fusion-flex-container nonhundred-percent-fullwidth non-hundred-percent-height-scrolling\" style=\"--awb-border-radius-top-left:0px;--awb-border-radius-top-right:0px;--awb-border-radius-bottom-right:0px;--awb-border-radius-bottom-left:0px;--awb-padding-top:0px;--awb-padding-bottom-small:0px;--awb-flex-wrap:wrap;\" ><div class=\"fusion-builder-row fusion-row fusion-flex-align-items-flex-start fusion-flex-content-wrap\" style=\"max-width:1352px;margin-left: calc(-4% \/ 2 );margin-right: calc(-4% \/ 2 );\"><div class=\"fusion-layout-column fusion_builder_column fusion-builder-column-0 fusion_builder_column_1_1 1_1 fusion-flex-column section-title\" style=\"--awb-bg-size:cover;--awb-width-large:100%;--awb-margin-top-large:0px;--awb-spacing-right-large:1.92%;--awb-margin-bottom-large:25px;--awb-spacing-left-large:1.92%;--awb-width-medium:100%;--awb-order-medium:0;--awb-spacing-right-medium:1.92%;--awb-spacing-left-medium:1.92%;--awb-width-small:100%;--awb-order-small:0;--awb-spacing-right-small:1.92%;--awb-spacing-left-small:1.92%;\"><div class=\"fusion-column-wrapper fusion-column-has-shadow fusion-flex-justify-content-flex-start fusion-content-layout-column\"><div class=\"fusion-title title fusion-title-1 fusion-sep-none fusion-title-center fusion-title-text fusion-title-size-two\" style=\"--awb-margin-top-small:0px;--awb-margin-right-small:0px;--awb-margin-bottom-small:0px;--awb-margin-left-small:0px;--awb-font-size:24px;\"><h2 class=\"fusion-title-heading title-heading-center\" style=\"margin:0;font-size:1em;\">Annulation d'abonnement<\/h2><\/div><\/div><\/div><div class=\"fusion-layout-column fusion_builder_column fusion-builder-column-1 fusion_builder_column_1_1 1_1 fusion-flex-column\" style=\"--awb-bg-size:cover;--awb-width-large:100%;--awb-margin-top-large:0px;--awb-spacing-right-large:1.92%;--awb-margin-bottom-large:0px;--awb-spacing-left-large:1.92%;--awb-width-medium:100%;--awb-order-medium:0;--awb-spacing-right-medium:1.92%;--awb-spacing-left-medium:1.92%;--awb-width-small:100%;--awb-order-small:0;--awb-spacing-right-small:1.92%;--awb-spacing-left-small:1.92%;\"><div class=\"fusion-column-wrapper fusion-column-has-shadow fusion-flex-justify-content-flex-start fusion-content-layout-column\"><div class=\"fusion-text fusion-text-1 fusion-text-no-margin\" style=\"--awb-margin-bottom:15px;\"><p>Nous sommes d\u00e9sol\u00e9s d'apprendre que vous souhaitez annuler votre abonnement. Nous aimerions vous rappeler les privil\u00e8ges des autres forfaits que nous pouvons vous offrir. Peut-\u00eatre qu'un d'entre eux comblerait davantage vos besoins.<\/p>\n<\/div><style type='text\/css'>\n\t\t\t\t.pricing-table-1.fusion-pricing-table .panel-container, .pricing-table-1.fusion-pricing-table .standout .panel-container,\n\t\t\t\t.pricing-table-1.full-boxed-pricing.fusion-pricing-table {background-color:#f2f3f5;}\n\t\t\t\t.pricing-table-1.fusion-pricing-table .list-group .list-group-item,\n\t\t\t\t.pricing-table-1.fusion-pricing-table .list-group .list-group-item:last-child{background-color:#ffffff; border-color:#e2e2e2;}\n\t\t\t\t.pricing-table-1.full-boxed-pricing.fusion-pricing-table .panel-wrapper:hover .panel-heading,\n\t\t\t\t.pricing-table-1.fusion-pricing-table .panel-wrapper:hover .list-group-item {background-color:#ffffff;}\n\t\t\t\t.pricing-table-1.full-boxed-pricing.fusion-pricing-table .panel-heading{background-color:#ffffff;}\n\t\t\t\t.pricing-table-1.fusion-pricing-table .fusion-panel, .pricing-table-1 .panel-wrapper:last-child .fusion-panel,\n\t\t\t\t.pricing-table-1.fusion-pricing-table .standout .fusion-panel, .pricing-table-1.fusion-pricing-table  .panel-heading,\n\t\t\t\t.pricing-table-1.fusion-pricing-table .panel-body, .pricing-table-1.fusion-pricing-table .panel-footer{border-color:#e2e2e2;}\n\t\t\t\t.pricing-table-1.fusion-pricing-table .panel-body, .pricing-table-1.fusion-pricing-table .panel-footer{background-color:#f2f3f5;}\n\t\t\t\t.pricing-table-1.sep-boxed-pricing.fusion-pricing-table .panel-heading h3{color:#ffffff;}\n\t\t\t\t.pricing-table-1.full-boxed-pricing.fusion-pricing-table .panel-heading h3{color:#ffffff;}\n\t\t\t\t.pricing-table-1.fusion-pricing-table .panel-body .price .decimal-part{color:#707070;}\n\t\t\t\t.pricing-table-1.fusion-pricing-table .panel-body .price .integer-part{color:#707070;}\n\t\t\t\t.pricing-table-1.fusion-pricing-table ul.list-group li{color:#000000;}\n\t\t\t\t<\/style><div class=\"fusion-pricing-table pricing-table-1 sep-boxed-pricing row fusion-columns-5 columns-5 fusion-clearfix\"><div class=\"panel-wrapper fusion-column column col-lg-2 col-md-2 col-sm-2 fusion-pricingtable-column\"><div class=\"panel-container\"><div class=\"fusion-panel\"><div class=\"panel-heading\"><h3 class=\"title-row\">Basic<\/h3><\/div><div class=\"panel-body pricing-row\"><div class=\"price\"><span class=\"currency\">$<\/span><span class=\"integer-part\">0<\/span><span class=\"time price-without-decimal\">USB \/ month<\/span><\/div><\/div><ul class=\"list-group\"><li class=\"list-group-item normal-row\">3 utilisateurs actifs<\/li><li class=\"list-group-item normal-row\">3 projets actifs<\/li><li class=\"list-group-item normal-row\">1 Go<\/li><\/ul><\/div><\/div><\/div><div class=\"panel-wrapper fusion-column column col-lg-2 col-md-2 col-sm-2 fusion-pricingtable-column\"><div class=\"panel-container\"><div class=\"fusion-panel\"><div class=\"panel-heading\"><h3 class=\"title-row\">Standard<\/h3><\/div><div class=\"panel-body pricing-row\"><div class=\"price\"><span class=\"currency\">$<\/span><span class=\"integer-part\">24<\/span><span class=\"time price-without-decimal\">USB \/ month<\/span><\/div><\/div><ul class=\"list-group\"><li class=\"list-group-item normal-row\">10 utilisateurs actifs<\/li><li class=\"list-group-item normal-row\">10 projets actifs<\/li><li class=\"list-group-item normal-row\">5 Go<\/li><\/ul><\/div><\/div><\/div><div class=\"panel-wrapper fusion-column column col-lg-2 col-md-2 col-sm-2 fusion-pricingtable-column\"><div class=\"panel-container\"><div class=\"fusion-panel\"><div class=\"panel-heading\"><h3 class=\"title-row\">Advanced<\/h3><\/div><div class=\"panel-body pricing-row\"><div class=\"price\"><span class=\"currency\">$<\/span><span class=\"integer-part\">49<\/span><span class=\"time price-without-decimal\">USB \/ month<\/span><\/div><\/div><ul class=\"list-group\"><li class=\"list-group-item normal-row\">30 utilisateurs actifs<\/li><li class=\"list-group-item normal-row\">30 projets actifs<\/li><li class=\"list-group-item normal-row\">15 Go<\/li><\/ul><\/div><\/div><\/div><div class=\"panel-wrapper fusion-column column col-lg-2 col-md-2 col-sm-2 fusion-pricingtable-column\"><div class=\"panel-container\"><div class=\"fusion-panel\"><div class=\"panel-heading\"><h3 class=\"title-row\">Silver<\/h3><\/div><div class=\"panel-body pricing-row\"><div class=\"price\"><span class=\"currency\">$<\/span><span class=\"integer-part\">99<\/span><span class=\"time price-without-decimal\">USB \/ month<\/span><\/div><\/div><ul class=\"list-group\"><li class=\"list-group-item normal-row\">100 utilisateurs actifs<\/li><li class=\"list-group-item normal-row\">100 projets actifs<\/li><li class=\"list-group-item normal-row\">45 Go<\/li><\/ul><\/div><\/div><\/div><div class=\"panel-wrapper fusion-column column col-lg-2 col-md-2 col-sm-2 fusion-pricingtable-column\"><div class=\"panel-container\"><div class=\"fusion-panel\"><div class=\"panel-heading\"><h3 class=\"title-row\">Gold<\/h3><\/div><div class=\"panel-body pricing-row\"><div class=\"price\"><span class=\"currency\"><\/span><span class=\"integer-part\">-<\/span><span class=\"time price-without-decimal\">Contact us<\/span><\/div><\/div><ul class=\"list-group\"><li class=\"list-group-item normal-row\">Utilisateurs illimit\u00e9s<\/li><li class=\"list-group-item normal-row\">Projets illimit\u00e9s<\/li><li class=\"list-group-item normal-row\">100+ GB<\/li><\/ul><\/div><\/div><\/div><\/div><div class=\"fusion-text fusion-text-2\" style=\"--awb-margin-top:15px;\"><p>Afin de compl\u00e9ter l'annulation de votre compte et de faire cesser les paiements, vous devez remplir le formulaire ci-dessous. Aussit\u00f4t votre formulaire re\u00e7u, nous annulerons votre abonnement en plus d'effacer toutes les donn\u00e9es stock\u00e9es \u00e0 l'int\u00e9rieur de votre compte. Votre carte de cr\u00e9dit ne sera plus factur\u00e9e par la suite.<\/p>\n<p>Vous recevrez une confirmation par courriel, lorsque votre compte sera enti\u00e8rement supprim\u00e9. Nous vous remercions d'avoir utilis\u00e9 AceProject.<\/p>\n<\/div><\/div><\/div><\/div><\/div><div class=\"fusion-fullwidth fullwidth-box fusion-builder-row-2 fusion-flex-container nonhundred-percent-fullwidth non-hundred-percent-height-scrolling\" style=\"--awb-border-radius-top-left:0px;--awb-border-radius-top-right:0px;--awb-border-radius-bottom-right:0px;--awb-border-radius-bottom-left:0px;--awb-padding-top:0px;--awb-flex-wrap:wrap;\" ><div class=\"fusion-builder-row fusion-row fusion-flex-align-items-flex-start fusion-flex-content-wrap\" style=\"max-width:1352px;margin-left: calc(-4% \/ 2 );margin-right: calc(-4% \/ 2 );\"><div class=\"fusion-layout-column fusion_builder_column fusion-builder-column-2 fusion_builder_column_1_1 1_1 fusion-flex-column\" style=\"--awb-bg-size:cover;--awb-border-color:#f44336;--awb-border-style:solid;--awb-width-large:100%;--awb-margin-top-large:0px;--awb-spacing-right-large:1.92%;--awb-margin-bottom-large:0px;--awb-spacing-left-large:1.92%;--awb-width-medium:100%;--awb-order-medium:0;--awb-spacing-right-medium:1.92%;--awb-spacing-left-medium:1.92%;--awb-width-small:100%;--awb-order-small:0;--awb-spacing-right-small:1.92%;--awb-spacing-left-small:1.92%;\"><div class=\"fusion-column-wrapper fusion-column-has-shadow fusion-flex-justify-content-flex-start fusion-content-layout-column\"><div class=\"fusion-builder-row fusion-builder-row-inner fusion-row fusion-flex-align-items-flex-start fusion-flex-content-wrap\" style=\"--awb-flex-grow:0;--awb-flex-grow-medium:0;--awb-flex-grow-small:0;--awb-flex-shrink:0;--awb-flex-shrink-medium:0;--awb-flex-shrink-small:0;width:104% !important;max-width:104% !important;margin-left: calc(-4% \/ 2 );margin-right: calc(-4% \/ 2 );\"><div class=\"fusion-layout-column fusion_builder_column_inner fusion-builder-nested-column-0 fusion_builder_column_inner_1_1 1_1 fusion-flex-column cancellation-form-wrapper\" style=\"--awb-bg-size:cover;--awb-width-large:100%;--awb-margin-top-large:0px;--awb-spacing-right-large:1.92%;--awb-margin-bottom-large:0px;--awb-spacing-left-large:1.92%;--awb-width-medium:100%;--awb-order-medium:0;--awb-spacing-right-medium:1.92%;--awb-spacing-left-medium:1.92%;--awb-width-small:100%;--awb-order-small:0;--awb-spacing-right-small:1.92%;--awb-spacing-left-small:1.92%;\"><div class=\"fusion-column-wrapper fusion-column-has-shadow fusion-flex-justify-content-flex-start fusion-content-layout-column\"><div class=\"fusion-text fusion-text-3\"><div class=\"cancellation-form\">\n<div class=\"form-row account-name\"><input type=\"text\" placeholder=\"Nom du compte...\" \/><br \/>\n<img decoding=\"async\" class=\"infos\" title=\"Vous pouvez retrouver votre Nom de compte via la section Adminstration en cliquant sur la bulle Compte\" src=\"https:\/\/www.aceproject.com\/wp-content\/uploads\/2021\/05\/infos-1.png\" alt=\"\" width=\"12\" height=\"12\" \/><\/div>\n<div class=\"form-row team-address\"><input style=\"width: 70%; margin-right: 5px;\" type=\"text\" placeholder=\"Adresse de l&#039;\u00e9quipe...\" \/>.aceproject.com<br \/>\n<img decoding=\"async\" class=\"infos\" title=\"C&#039;est votre lien internet servant \u00e0 acc\u00e9der \u00e0 votre compte AceProject\" src=\"https:\/\/www.aceproject.com\/wp-content\/uploads\/2021\/05\/infos-1.png\" alt=\"\" width=\"12\" height=\"12\" \/><\/div>\n<div class=\"form-row contact-name\"><input type=\"text\" placeholder=\"Nom du contact...\" \/><\/div>\n<div class=\"form-row email\"><input type=\"email\" placeholder=\"Courriel du contact...\" \/><\/div>\n<div class=\"form-row actual-package\"><select style=\"width: 100%;\"><option value=\"\">Choisissez votre forfait actuel...<\/option><option value=\"Basic\">Basic (Free)<\/option><option value=\"Standard\">Standard<\/option><option value=\"Advanced\">Advanced<\/option><option value=\"Silver\">Silver<\/option><option value=\"Gold\">Gold<\/option><\/select><\/div>\n<\/div>\n<\/div><div class=\"fusion-separator fusion-full-width-sep\" style=\"align-self: center;margin-left: auto;margin-right: auto;margin-top:15px;margin-bottom:15px;width:100%;\"><div class=\"fusion-separator-border sep-single sep-dashed\" style=\"--awb-height:20px;--awb-amount:20px;border-color:#1c75bb;border-top-width:1px;\"><\/div><\/div><div class=\"fusion-title title fusion-title-2 fusion-sep-none fusion-title-text fusion-title-size-five\" style=\"--awb-margin-top-small:0px;--awb-margin-right-small:0px;--awb-margin-bottom-small:0px;--awb-margin-left-small:0px;\"><h5 class=\"fusion-title-heading title-heading-left\" style=\"font-family:&quot;Raleway&quot;;font-style:normal;font-weight:600;margin:0;\">Dites-nous pourquoi vous d\u00e9sirez annuler<\/h5><\/div><div class=\"fusion-text fusion-text-4\"><p>Dans le but de toujours mieux servir nos clients, pourriez-vous prendre quelques instants pour nous indiquer les raisons de l'annulation de votre compte?<\/p>\n<\/div><div class=\"fusion-text fusion-text-5\"><div class=\"reason-form\">\n<div class=\"form-row choose-reason\"><select style=\"width: 100%;\"><option value=\"\">Choisir la raison de votre annulation...<\/option><option>Fonctionnalit\u00e9 manquante ou inad\u00e9quate. SVP d\u00e9crire dans le champ 'D\u00e9tails' ci-dessous.<\/option><option>Application trop compliqu\u00e9e \/ Les membres de l'\u00e9quipe n'ont pas voulu l'utiliser.<\/option><option>Projet compl\u00e9t\u00e9.<\/option><option>Fermeture d'entreprise<\/option><option>Trop cher<\/option><option>Autre. SVP d\u00e9crire dans le champ 'D\u00e9tails ou suggestions' ci-dessous.<\/option><\/select><\/div>\n<div class=\"form-row details\"><\/div>\n<div class=\"form-row replacement\"><input type=\"text\" placeholder=\"Produit qui remplacera AceProject...\" \/><\/div>\n<div class=\"form-row cancellation-date\"><input type=\"text\" placeholder=\"Date d&#039;annulation d\u00e9sir\u00e9e...\" \/><\/div>\n<\/div>\n<\/div><div class=\"fusion-separator fusion-full-width-sep\" style=\"align-self: center;margin-left: auto;margin-right: auto;margin-top:15px;margin-bottom:15px;width:100%;\"><div class=\"fusion-separator-border sep-single sep-dashed\" style=\"--awb-height:20px;--awb-amount:20px;border-color:#1c75bb;border-top-width:1px;\"><\/div><\/div><div class=\"fusion-text fusion-text-6\"><p><input id=\"confirmation\" type=\"checkbox\" \/><label for=\"confirmation\">J'accepte que mes donn\u00e9es soient supprim\u00e9es d\u00e9finitivement.<\/label><\/p>\n<\/div><div style=\"text-align:center;\"><a class=\"fusion-button button-flat button-xlarge button-custom fusion-button-default button-1 fusion-button-default-span fusion-button-default-type fusion-has-button-gradient\" style=\"--button_accent_color:#ffffff;--button_accent_hover_color:#ffffff;--button_border_hover_color:#ffffff;--button_gradient_top_color:#414345;--button_gradient_bottom_color:#232526;--button_gradient_top_color_hover:#485563;--button_gradient_bottom_color_hover:#29323c;\" target=\"_self\"><span class=\"fusion-button-text awb-button__text awb-button__text--default\">Annuler mon abonnement<\/span><\/a><\/div><div class=\"fusion-text fusion-text-7\"><div id=\"confirm\" style=\"display: none; border: 1px red dotted;\">Nous avons re\u00e7u votre requ\u00eate d'annulation.<br \/>\nUne confirmation par courriel vous sera transmise sous peu.<br \/>\nN'h\u00e9sitez pas \u00e0 nous contacter si vous avez d'autres questions.<\/div>\n<div id=\"error\" style=\"display: none; border: 1px red dotted;\">Une erreur est survenue.<br \/>\nVeuillez nous rejoindre directement \u00e0 <a href=\"mailto:support@aceproject.com?subject=Annulation\">support@aceproject.com<\/a><\/div>\n<\/div><\/div><\/div><\/div><\/div><\/div><\/div><\/div><\/p>","protected":false},"excerpt":{"rendered":"","protected":false},"author":6,"featured_media":0,"parent":0,"menu_order":0,"comment_status":"closed","ping_status":"closed","template":"100-width.php","meta":{"footnotes":""},"class_list":["post-25655","page","type-page","status-publish","hentry"],"yoast_head":"<!-- This site is optimized with the Yoast SEO plugin v27.5 - https:\/\/yoast.com\/product\/yoast-seo-wordpress\/ -->\n<title>Cancellation<\/title>\n<meta name=\"description\" content=\"We are disappointed to know that you wish to cancel your account. Before quitting, we would like to remind you the privileges of our other packages.\" \/>\n<meta name=\"robots\" content=\"index, follow, max-snippet:-1, max-image-preview:large, max-video-preview:-1\" \/>\n<link rel=\"canonical\" href=\"https:\/\/www.aceproject.com\/fr\/annulation\/\" \/>\n<meta property=\"og:locale\" content=\"fr_FR\" \/>\n<meta property=\"og:type\" content=\"article\" \/>\n<meta property=\"og:title\" content=\"Cancellation\" \/>\n<meta property=\"og:description\" content=\"We are disappointed to know that you wish to cancel your account. Before quitting, we would like to remind you the privileges of our other packages.\" \/>\n<meta property=\"og:url\" content=\"https:\/\/www.aceproject.com\/fr\/annulation\/\" \/>\n<meta property=\"og:site_name\" content=\"AceProject\" \/>\n<meta property=\"article:modified_time\" content=\"2025-10-30T13:44:10+00:00\" \/>\n<meta property=\"og:image\" content=\"https:\/\/www.aceproject.com\/wp-content\/uploads\/2021\/05\/infos-1.png\" \/>\n<meta name=\"twitter:card\" content=\"summary_large_image\" \/>\n<meta name=\"twitter:label1\" content=\"Dur\u00e9e de lecture estim\u00e9e\" \/>\n\t<meta name=\"twitter:data1\" content=\"2 minutes\" \/>\n<script type=\"application\/ld+json\" class=\"yoast-schema-graph\">{\"@context\":\"https:\\\/\\\/schema.org\",\"@graph\":[{\"@type\":\"WebPage\",\"@id\":\"https:\\\/\\\/www.aceproject.com\\\/cancellation\\\/\",\"url\":\"https:\\\/\\\/www.aceproject.com\\\/cancellation\\\/\",\"name\":\"Cancellation\",\"isPartOf\":{\"@id\":\"https:\\\/\\\/www.aceproject.com\\\/#website\"},\"primaryImageOfPage\":{\"@id\":\"https:\\\/\\\/www.aceproject.com\\\/cancellation\\\/#primaryimage\"},\"image\":{\"@id\":\"https:\\\/\\\/www.aceproject.com\\\/cancellation\\\/#primaryimage\"},\"thumbnailUrl\":\"https:\\\/\\\/www.aceproject.com\\\/wp-content\\\/uploads\\\/2021\\\/05\\\/infos-1.png\",\"datePublished\":\"2021-05-26T17:32:39+00:00\",\"dateModified\":\"2025-10-30T13:44:10+00:00\",\"description\":\"We are disappointed to know that you wish to cancel your account. Before quitting, we would like to remind you the privileges of our other packages.\",\"breadcrumb\":{\"@id\":\"https:\\\/\\\/www.aceproject.com\\\/cancellation\\\/#breadcrumb\"},\"inLanguage\":\"fr-FR\",\"potentialAction\":[{\"@type\":\"ReadAction\",\"target\":[\"https:\\\/\\\/www.aceproject.com\\\/cancellation\\\/\"]}]},{\"@type\":\"ImageObject\",\"inLanguage\":\"fr-FR\",\"@id\":\"https:\\\/\\\/www.aceproject.com\\\/cancellation\\\/#primaryimage\",\"url\":\"https:\\\/\\\/www.aceproject.com\\\/wp-content\\\/uploads\\\/2021\\\/05\\\/infos-1.png\",\"contentUrl\":\"https:\\\/\\\/www.aceproject.com\\\/wp-content\\\/uploads\\\/2021\\\/05\\\/infos-1.png\"},{\"@type\":\"BreadcrumbList\",\"@id\":\"https:\\\/\\\/www.aceproject.com\\\/cancellation\\\/#breadcrumb\",\"itemListElement\":[{\"@type\":\"ListItem\",\"position\":1,\"name\":\"Home\",\"item\":\"https:\\\/\\\/www.aceproject.com\\\/\"},{\"@type\":\"ListItem\",\"position\":2,\"name\":\"Cancellation\"}]},{\"@type\":\"WebSite\",\"@id\":\"https:\\\/\\\/www.aceproject.com\\\/#website\",\"url\":\"https:\\\/\\\/www.aceproject.com\\\/\",\"name\":\"AceProject\",\"description\":\"Free Project Management Software, Time Tracking and Collaboration Tool\",\"potentialAction\":[{\"@type\":\"SearchAction\",\"target\":{\"@type\":\"EntryPoint\",\"urlTemplate\":\"https:\\\/\\\/www.aceproject.com\\\/?s={search_term_string}\"},\"query-input\":{\"@type\":\"PropertyValueSpecification\",\"valueRequired\":true,\"valueName\":\"search_term_string\"}}],\"inLanguage\":\"fr-FR\"}]}<\/script>\n<!-- \/ Yoast SEO plugin. -->","yoast_head_json":{"title":"Annulation","description":"Nous sommes d\u00e9sol\u00e9s d'apprendre que vous souhaitez annuler votre abonnement. Nous aimerions vous rappeler les privil\u00e8ges des autres forfaits.","robots":{"index":"index","follow":"follow","max-snippet":"max-snippet:-1","max-image-preview":"max-image-preview:large","max-video-preview":"max-video-preview:-1"},"canonical":"https:\/\/www.aceproject.com\/fr\/annulation\/","og_locale":"fr_FR","og_type":"article","og_title":"Cancellation","og_description":"We are disappointed to know that you wish to cancel your account. Before quitting, we would like to remind you the privileges of our other packages.","og_url":"https:\/\/www.aceproject.com\/fr\/annulation\/","og_site_name":"AceProject","article_modified_time":"2025-10-30T13:44:10+00:00","og_image":[{"url":"https:\/\/www.aceproject.com\/wp-content\/uploads\/2021\/05\/infos-1.png","type":"","width":"","height":""}],"twitter_card":"summary_large_image","twitter_misc":{"Dur\u00e9e de lecture estim\u00e9e":"2 minutes"},"schema":{"@context":"https:\/\/schema.org","@graph":[{"@type":"WebPage","@id":"https:\/\/www.aceproject.com\/cancellation\/","url":"https:\/\/www.aceproject.com\/cancellation\/","name":"Annulation","isPartOf":{"@id":"https:\/\/www.aceproject.com\/#website"},"primaryImageOfPage":{"@id":"https:\/\/www.aceproject.com\/cancellation\/#primaryimage"},"image":{"@id":"https:\/\/www.aceproject.com\/cancellation\/#primaryimage"},"thumbnailUrl":"https:\/\/www.aceproject.com\/wp-content\/uploads\/2021\/05\/infos-1.png","datePublished":"2021-05-26T17:32:39+00:00","dateModified":"2025-10-30T13:44:10+00:00","description":"Nous sommes d\u00e9sol\u00e9s d'apprendre que vous souhaitez annuler votre abonnement. Nous aimerions vous rappeler les privil\u00e8ges des autres forfaits.","breadcrumb":{"@id":"https:\/\/www.aceproject.com\/cancellation\/#breadcrumb"},"inLanguage":"fr-FR","potentialAction":[{"@type":"ReadAction","target":["https:\/\/www.aceproject.com\/cancellation\/"]}]},{"@type":"ImageObject","inLanguage":"fr-FR","@id":"https:\/\/www.aceproject.com\/cancellation\/#primaryimage","url":"https:\/\/www.aceproject.com\/wp-content\/uploads\/2021\/05\/infos-1.png","contentUrl":"https:\/\/www.aceproject.com\/wp-content\/uploads\/2021\/05\/infos-1.png"},{"@type":"BreadcrumbList","@id":"https:\/\/www.aceproject.com\/cancellation\/#breadcrumb","itemListElement":[{"@type":"ListItem","position":1,"name":"Home","item":"https:\/\/www.aceproject.com\/"},{"@type":"ListItem","position":2,"name":"Cancellation"}]},{"@type":"WebSite","@id":"https:\/\/www.aceproject.com\/#website","url":"https:\/\/www.aceproject.com\/","name":"AceProject","description":"Logiciel gratuit de gestion de projet et de feuille de temps en ligne","potentialAction":[{"@type":"SearchAction","target":{"@type":"EntryPoint","urlTemplate":"https:\/\/www.aceproject.com\/?s={search_term_string}"},"query-input":{"@type":"PropertyValueSpecification","valueRequired":true,"valueName":"search_term_string"}}],"inLanguage":"fr-FR"}]}},"jetpack_sharing_enabled":true,"_links":{"self":[{"href":"https:\/\/www.aceproject.com\/fr\/wp-json\/wp\/v2\/pages\/25655","targetHints":{"allow":["GET"]}}],"collection":[{"href":"https:\/\/www.aceproject.com\/fr\/wp-json\/wp\/v2\/pages"}],"about":[{"href":"https:\/\/www.aceproject.com\/fr\/wp-json\/wp\/v2\/types\/page"}],"author":[{"embeddable":true,"href":"https:\/\/www.aceproject.com\/fr\/wp-json\/wp\/v2\/users\/6"}],"replies":[{"embeddable":true,"href":"https:\/\/www.aceproject.com\/fr\/wp-json\/wp\/v2\/comments?post=25655"}],"version-history":[{"count":25,"href":"https:\/\/www.aceproject.com\/fr\/wp-json\/wp\/v2\/pages\/25655\/revisions"}],"predecessor-version":[{"id":27214,"href":"https:\/\/www.aceproject.com\/fr\/wp-json\/wp\/v2\/pages\/25655\/revisions\/27214"}],"wp:attachment":[{"href":"https:\/\/www.aceproject.com\/fr\/wp-json\/wp\/v2\/media?parent=25655"}],"curies":[{"name":"wp","href":"https:\/\/api.w.org\/{rel}","templated":true}]}}